{"id":8,"date":"2015-04-03T09:11:42","date_gmt":"2015-04-03T09:11:42","guid":{"rendered":"http:\/\/blog.eitenbenz.de\/?page_id=8"},"modified":"2015-04-06T18:43:51","modified_gmt":"2015-04-06T16:43:51","slug":"ueber-mich","status":"publish","type":"page","link":"https:\/\/www.eitenbenz.de\/?page_id=8","title":{"rendered":"\u00dcber mich"},"content":{"rendered":"<p style=\"text-align: justify;\">fittich.fotographie &#8211; ambitionierter Hobbyfotograf.<\/p>\n<p style=\"text-align: justify;\">Wohnhaft im s\u00fcdlichen Schleswig-Holstein (Ellerau) und immer wieder auch in Ostholstein\u00a0 (Region Gro\u00dfenbrode) anzutreffen.<\/p>\n<p style=\"text-align: justify;\">Sportfotografie, Landschaft, Architektur, People, Beauty oder Fashion&#8230;..<\/p>\n<p style=\"text-align: justify;\">Ich mag in der Regel das Unkomplizierte. Die Kamera immer dabei, mich entspannt <a href=\"http:\/\/blog.eitenbenz.de\/wp-content\/uploads\/2015\/04\/IMG_5066-e1428057503954.jpg\"><img loading=\"lazy\" decoding=\"async\" class=\"size-medium wp-image-43 alignright\" src=\"http:\/\/blog.eitenbenz.de\/wp-content\/uploads\/2015\/04\/IMG_5066-e1428057503954-288x300.jpg\" alt=\"IMG_5066\" width=\"288\" height=\"300\" srcset=\"https:\/\/www.eitenbenz.de\/wp-content\/uploads\/2015\/04\/IMG_5066-e1428057503954-288x300.jpg 288w, https:\/\/www.eitenbenz.de\/wp-content\/uploads\/2015\/04\/IMG_5066-e1428057503954.jpg 806w\" sizes=\"(max-width: 288px) 100vw, 288px\" \/><\/a><br \/>\nunterhalten und ein paar Bilder machen. Mit Glamour hat das\u00a0 weniger zu tun,<br \/>\ndaf\u00fcr macht mir das Portraitieren von Menschen &#8211; auch auf der Stra\u00dfe &#8211; sehr viel Spa\u00df.<\/p>\n<p>An People, Beauty und Fashion versuche ich mich gerne bei Workshops<br \/>\noder Modelsharings.<\/p>\n<p style=\"text-align: justify;\">Wer Lust hat, sich von mir fotografieren zu lassen, gerne melden. Wenn Du eine tolle Idee hast, umso besser.<\/p>\n<p style=\"text-align: justify;\">Vielleicht bis bald,<br \/>\nMichael<\/p>\n<p style=\"text-align: justify;\">P.S. Shootings in der Regel auf TFP\/CD Basis und nur mit Vertrag. Begleitperson gerne willkommen.<\/p>\n<p style=\"text-align: justify;\">\n","protected":false},"excerpt":{"rendered":"<p>fittich.fotographie &#8211; ambitionierter Hobbyfotograf. Wohnhaft im s\u00fcdlichen Schleswig-Holstein (Ellerau) und immer wieder auch in Ostholstein\u00a0 (Region Gro\u00dfenbrode) anzutreffen. Sportfotografie, Landschaft, Architektur, People, Beauty oder Fashion&#8230;.. Ich mag in der Regel das Unkomplizierte. Die Kamera immer dabei, mich entspannt unterhalten und ein paar Bilder machen. Mit Glamour hat das\u00a0 weniger zu tun, daf\u00fcr macht mir das [&hellip;]<\/p>\n","protected":false},"author":1,"featured_media":0,"parent":0,"menu_order":0,"comment_status":"closed","ping_status":"closed","template":"","meta":{"ngg_post_thumbnail":0,"footnotes":""},"class_list":["post-8","page","type-page","status-publish","hentry"],"_links":{"self":[{"href":"https:\/\/www.eitenbenz.de\/index.php?rest_route=\/wp\/v2\/pages\/8"}],"collection":[{"href":"https:\/\/www.eitenbenz.de\/index.php?rest_route=\/wp\/v2\/pages"}],"about":[{"href":"https:\/\/www.eitenbenz.de\/index.php?rest_route=\/wp\/v2\/types\/page"}],"author":[{"embeddable":true,"href":"https:\/\/www.eitenbenz.de\/index.php?rest_route=\/wp\/v2\/users\/1"}],"replies":[{"embeddable":true,"href":"https:\/\/www.eitenbenz.de\/index.php?rest_route=%2Fwp%2Fv2%2Fcomments&post=8"}],"version-history":[{"count":19,"href":"https:\/\/www.eitenbenz.de\/index.php?rest_route=\/wp\/v2\/pages\/8\/revisions"}],"predecessor-version":[{"id":152,"href":"https:\/\/www.eitenbenz.de\/index.php?rest_route=\/wp\/v2\/pages\/8\/revisions\/152"}],"wp:attachment":[{"href":"https:\/\/www.eitenbenz.de\/index.php?rest_route=%2Fwp%2Fv2%2Fmedia&parent=8"}],"curies":[{"name":"wp","href":"https:\/\/api.w.org\/{rel}","templated":true}]}}